{"id":33,"date":"2025-04-30T14:23:07","date_gmt":"2025-04-30T12:23:07","guid":{"rendered":"http:\/\/www.staging.manitas-cafeceramique.fr\/?page_id=33"},"modified":"2026-04-07T17:06:20","modified_gmt":"2026-04-07T15:06:20","slug":"bon-cadeau","status":"publish","type":"page","link":"https:\/\/www.staging.manitas-cafeceramique.fr\/index.php\/cafe-ceramique\/bon-cadeau\/","title":{"rendered":"Bon cadeau | Caf\u00e9-C\u00e9ramique"},"content":{"rendered":"","protected":false},"excerpt":{"rendered":"","protected":false},"author":1,"featured_media":0,"parent":18,"menu_order":0,"comment_status":"closed","ping_status":"closed","template":"","meta":{"_acf_changed":false,"footnotes":""},"class_list":["post-33","page","type-page","status-publish","hentry"],"acf":[],"yoast_head":"<!-- This site is optimized with the Yoast SEO plugin v27.3 - https:\/\/yoast.com\/product\/yoast-seo-wordpress\/ -->\n<title>Bon cadeau | Caf\u00e9-C\u00e9ramique - Manitas<\/title>\n<meta name=\"description\" content=\"Offrez un bon cadeau Manitas : une exp\u00e9rience cr\u00e9ative et conviviale autour de la c\u00e9ramique, du caf\u00e9 et de la gourmandise \u00e0 Lyon.\" \/>\n<meta name=\"robots\" content=\"index, follow, max-snippet:-1, max-image-preview:large, max-video-preview:-1\" \/>\n<link rel=\"canonical\" href=\"https:\/\/www.staging.manitas-cafeceramique.fr\/index.php\/cafe-ceramique\/bon-cadeau\/\" \/>\n<meta property=\"og:locale\" content=\"fr_FR\" \/>\n<meta property=\"og:type\" content=\"article\" \/>\n<meta property=\"og:title\" content=\"Bon cadeau | Caf\u00e9-C\u00e9ramique - Manitas\" \/>\n<meta property=\"og:description\" content=\"Offrez un bon cadeau Manitas : une exp\u00e9rience cr\u00e9ative et conviviale autour de la c\u00e9ramique, du caf\u00e9 et de la gourmandise \u00e0 Lyon.\" \/>\n<meta property=\"og:url\" content=\"https:\/\/www.staging.manitas-cafeceramique.fr\/index.php\/cafe-ceramique\/bon-cadeau\/\" \/>\n<meta property=\"og:site_name\" content=\"Manitas\" \/>\n<meta property=\"article:modified_time\" content=\"2026-04-07T15:06:20+00:00\" \/>\n<meta name=\"twitter:card\" content=\"summary_large_image\" \/>\n<script type=\"application\/ld+json\" class=\"yoast-schema-graph\">{\"@context\":\"https:\\\/\\\/schema.org\",\"@graph\":[{\"@type\":\"WebPage\",\"@id\":\"https:\\\/\\\/www.staging.manitas-cafeceramique.fr\\\/index.php\\\/cafe-ceramique\\\/bon-cadeau\\\/\",\"url\":\"https:\\\/\\\/www.staging.manitas-cafeceramique.fr\\\/index.php\\\/cafe-ceramique\\\/bon-cadeau\\\/\",\"name\":\"Bon cadeau | Caf\u00e9-C\u00e9ramique - Manitas\",\"isPartOf\":{\"@id\":\"https:\\\/\\\/www.staging.manitas-cafeceramique.fr\\\/#website\"},\"datePublished\":\"2025-04-30T12:23:07+00:00\",\"dateModified\":\"2026-04-07T15:06:20+00:00\",\"description\":\"Offrez un bon cadeau Manitas : une exp\u00e9rience cr\u00e9ative et conviviale autour de la c\u00e9ramique, du caf\u00e9 et de la gourmandise \u00e0 Lyon.\",\"breadcrumb\":{\"@id\":\"https:\\\/\\\/www.staging.manitas-cafeceramique.fr\\\/index.php\\\/cafe-ceramique\\\/bon-cadeau\\\/#breadcrumb\"},\"inLanguage\":\"fr-FR\",\"potentialAction\":[{\"@type\":\"ReadAction\",\"target\":[\"https:\\\/\\\/www.staging.manitas-cafeceramique.fr\\\/index.php\\\/cafe-ceramique\\\/bon-cadeau\\\/\"]}]},{\"@type\":\"BreadcrumbList\",\"@id\":\"https:\\\/\\\/www.staging.manitas-cafeceramique.fr\\\/index.php\\\/cafe-ceramique\\\/bon-cadeau\\\/#breadcrumb\",\"itemListElement\":[{\"@type\":\"ListItem\",\"position\":1,\"name\":\"Accueil\",\"item\":\"https:\\\/\\\/www.staging.manitas-cafeceramique.fr\\\/\"},{\"@type\":\"ListItem\",\"position\":2,\"name\":\"Caf\u00e9 c\u00e9ramique\",\"item\":\"https:\\\/\\\/www.staging.manitas-cafeceramique.fr\\\/index.php\\\/cafe-ceramique\\\/\"},{\"@type\":\"ListItem\",\"position\":3,\"name\":\"Bon cadeau | Caf\u00e9-C\u00e9ramique\"}]},{\"@type\":\"WebSite\",\"@id\":\"https:\\\/\\\/www.staging.manitas-cafeceramique.fr\\\/#website\",\"url\":\"https:\\\/\\\/www.staging.manitas-cafeceramique.fr\\\/\",\"name\":\"Manitas\",\"description\":\"Atelier &amp; Caf\u00e9-C\u00e9ramique\",\"potentialAction\":[{\"@type\":\"SearchAction\",\"target\":{\"@type\":\"EntryPoint\",\"urlTemplate\":\"https:\\\/\\\/www.staging.manitas-cafeceramique.fr\\\/?s={search_term_string}\"},\"query-input\":{\"@type\":\"PropertyValueSpecification\",\"valueRequired\":true,\"valueName\":\"search_term_string\"}}],\"inLanguage\":\"fr-FR\"}]}<\/script>\n<!-- \/ Yoast SEO plugin. -->","yoast_head_json":{"title":"Bon cadeau | Caf\u00e9-C\u00e9ramique - Manitas","description":"Offrez un bon cadeau Manitas : une exp\u00e9rience cr\u00e9ative et conviviale autour de la c\u00e9ramique, du caf\u00e9 et de la gourmandise \u00e0 Lyon.","robots":{"index":"index","follow":"follow","max-snippet":"max-snippet:-1","max-image-preview":"max-image-preview:large","max-video-preview":"max-video-preview:-1"},"canonical":"https:\/\/www.staging.manitas-cafeceramique.fr\/index.php\/cafe-ceramique\/bon-cadeau\/","og_locale":"fr_FR","og_type":"article","og_title":"Bon cadeau | Caf\u00e9-C\u00e9ramique - Manitas","og_description":"Offrez un bon cadeau Manitas : une exp\u00e9rience cr\u00e9ative et conviviale autour de la c\u00e9ramique, du caf\u00e9 et de la gourmandise \u00e0 Lyon.","og_url":"https:\/\/www.staging.manitas-cafeceramique.fr\/index.php\/cafe-ceramique\/bon-cadeau\/","og_site_name":"Manitas","article_modified_time":"2026-04-07T15:06:20+00:00","twitter_card":"summary_large_image","schema":{"@context":"https:\/\/schema.org","@graph":[{"@type":"WebPage","@id":"https:\/\/www.staging.manitas-cafeceramique.fr\/index.php\/cafe-ceramique\/bon-cadeau\/","url":"https:\/\/www.staging.manitas-cafeceramique.fr\/index.php\/cafe-ceramique\/bon-cadeau\/","name":"Bon cadeau | Caf\u00e9-C\u00e9ramique - Manitas","isPartOf":{"@id":"https:\/\/www.staging.manitas-cafeceramique.fr\/#website"},"datePublished":"2025-04-30T12:23:07+00:00","dateModified":"2026-04-07T15:06:20+00:00","description":"Offrez un bon cadeau Manitas : une exp\u00e9rience cr\u00e9ative et conviviale autour de la c\u00e9ramique, du caf\u00e9 et de la gourmandise \u00e0 Lyon.","breadcrumb":{"@id":"https:\/\/www.staging.manitas-cafeceramique.fr\/index.php\/cafe-ceramique\/bon-cadeau\/#breadcrumb"},"inLanguage":"fr-FR","potentialAction":[{"@type":"ReadAction","target":["https:\/\/www.staging.manitas-cafeceramique.fr\/index.php\/cafe-ceramique\/bon-cadeau\/"]}]},{"@type":"BreadcrumbList","@id":"https:\/\/www.staging.manitas-cafeceramique.fr\/index.php\/cafe-ceramique\/bon-cadeau\/#breadcrumb","itemListElement":[{"@type":"ListItem","position":1,"name":"Accueil","item":"https:\/\/www.staging.manitas-cafeceramique.fr\/"},{"@type":"ListItem","position":2,"name":"Caf\u00e9 c\u00e9ramique","item":"https:\/\/www.staging.manitas-cafeceramique.fr\/index.php\/cafe-ceramique\/"},{"@type":"ListItem","position":3,"name":"Bon cadeau | Caf\u00e9-C\u00e9ramique"}]},{"@type":"WebSite","@id":"https:\/\/www.staging.manitas-cafeceramique.fr\/#website","url":"https:\/\/www.staging.manitas-cafeceramique.fr\/","name":"Manitas","description":"Atelier &amp; Caf\u00e9-C\u00e9ramique","potentialAction":[{"@type":"SearchAction","target":{"@type":"EntryPoint","urlTemplate":"https:\/\/www.staging.manitas-cafeceramique.fr\/?s={search_term_string}"},"query-input":{"@type":"PropertyValueSpecification","valueRequired":true,"valueName":"search_term_string"}}],"inLanguage":"fr-FR"}]}},"_links":{"self":[{"href":"https:\/\/www.staging.manitas-cafeceramique.fr\/index.php\/wp-json\/wp\/v2\/pages\/33","targetHints":{"allow":["GET"]}}],"collection":[{"href":"https:\/\/www.staging.manitas-cafeceramique.fr\/index.php\/wp-json\/wp\/v2\/pages"}],"about":[{"href":"https:\/\/www.staging.manitas-cafeceramique.fr\/index.php\/wp-json\/wp\/v2\/types\/page"}],"author":[{"embeddable":true,"href":"https:\/\/www.staging.manitas-cafeceramique.fr\/index.php\/wp-json\/wp\/v2\/users\/1"}],"replies":[{"embeddable":true,"href":"https:\/\/www.staging.manitas-cafeceramique.fr\/index.php\/wp-json\/wp\/v2\/comments?post=33"}],"version-history":[{"count":2,"href":"https:\/\/www.staging.manitas-cafeceramique.fr\/index.php\/wp-json\/wp\/v2\/pages\/33\/revisions"}],"predecessor-version":[{"id":6623,"href":"https:\/\/www.staging.manitas-cafeceramique.fr\/index.php\/wp-json\/wp\/v2\/pages\/33\/revisions\/6623"}],"up":[{"embeddable":true,"href":"https:\/\/www.staging.manitas-cafeceramique.fr\/index.php\/wp-json\/wp\/v2\/pages\/18"}],"wp:attachment":[{"href":"https:\/\/www.staging.manitas-cafeceramique.fr\/index.php\/wp-json\/wp\/v2\/media?parent=33"}],"curies":[{"name":"wp","href":"https:\/\/api.w.org\/{rel}","templated":true}]}}