{"id":37,"date":"2025-04-30T14:24:09","date_gmt":"2025-04-30T12:24:09","guid":{"rendered":"http:\/\/www.staging.manitas-cafeceramique.fr\/?page_id=37"},"modified":"2026-04-07T16:37:05","modified_gmt":"2026-04-07T14:37:05","slug":"evenements","status":"publish","type":"page","link":"https:\/\/www.staging.manitas-cafeceramique.fr\/index.php\/cafe-ceramique\/evenements\/","title":{"rendered":"\u00c9v\u00e8nements | Caf\u00e9-C\u00e9ramique"},"content":{"rendered":"","protected":false},"excerpt":{"rendered":"","protected":false},"author":1,"featured_media":0,"parent":18,"menu_order":0,"comment_status":"closed","ping_status":"closed","template":"","meta":{"_acf_changed":false,"footnotes":""},"class_list":["post-37","page","type-page","status-publish","hentry"],"acf":[],"yoast_head":"<!-- This site is optimized with the Yoast SEO plugin v27.3 - https:\/\/yoast.com\/product\/yoast-seo-wordpress\/ -->\n<title>\u00c9v\u00e8nements | Caf\u00e9-C\u00e9ramique - Manitas<\/title>\n<meta name=\"robots\" content=\"index, follow, max-snippet:-1, max-image-preview:large, max-video-preview:-1\" \/>\n<link rel=\"canonical\" href=\"https:\/\/www.staging.manitas-cafeceramique.fr\/index.php\/cafe-ceramique\/evenements\/\" \/>\n<meta property=\"og:locale\" content=\"fr_FR\" \/>\n<meta property=\"og:type\" content=\"article\" \/>\n<meta property=\"og:title\" content=\"\u00c9v\u00e8nements | Caf\u00e9-C\u00e9ramique - Manitas\" \/>\n<meta property=\"og:url\" content=\"https:\/\/www.staging.manitas-cafeceramique.fr\/index.php\/cafe-ceramique\/evenements\/\" \/>\n<meta property=\"og:site_name\" content=\"Manitas\" \/>\n<meta property=\"article:modified_time\" content=\"2026-04-07T14:37:05+00:00\" \/>\n<meta name=\"twitter:card\" content=\"summary_large_image\" \/>\n<script type=\"application\/ld+json\" class=\"yoast-schema-graph\">{\"@context\":\"https:\\\/\\\/schema.org\",\"@graph\":[{\"@type\":\"WebPage\",\"@id\":\"https:\\\/\\\/www.staging.manitas-cafeceramique.fr\\\/index.php\\\/cafe-ceramique\\\/evenements\\\/\",\"url\":\"https:\\\/\\\/www.staging.manitas-cafeceramique.fr\\\/index.php\\\/cafe-ceramique\\\/evenements\\\/\",\"name\":\"\u00c9v\u00e8nements | Caf\u00e9-C\u00e9ramique - Manitas\",\"isPartOf\":{\"@id\":\"https:\\\/\\\/www.staging.manitas-cafeceramique.fr\\\/#website\"},\"datePublished\":\"2025-04-30T12:24:09+00:00\",\"dateModified\":\"2026-04-07T14:37:05+00:00\",\"breadcrumb\":{\"@id\":\"https:\\\/\\\/www.staging.manitas-cafeceramique.fr\\\/index.php\\\/cafe-ceramique\\\/evenements\\\/#breadcrumb\"},\"inLanguage\":\"fr-FR\",\"potentialAction\":[{\"@type\":\"ReadAction\",\"target\":[\"https:\\\/\\\/www.staging.manitas-cafeceramique.fr\\\/index.php\\\/cafe-ceramique\\\/evenements\\\/\"]}]},{\"@type\":\"BreadcrumbList\",\"@id\":\"https:\\\/\\\/www.staging.manitas-cafeceramique.fr\\\/index.php\\\/cafe-ceramique\\\/evenements\\\/#breadcrumb\",\"itemListElement\":[{\"@type\":\"ListItem\",\"position\":1,\"name\":\"Accueil\",\"item\":\"https:\\\/\\\/www.staging.manitas-cafeceramique.fr\\\/\"},{\"@type\":\"ListItem\",\"position\":2,\"name\":\"Caf\u00e9 c\u00e9ramique\",\"item\":\"https:\\\/\\\/www.staging.manitas-cafeceramique.fr\\\/index.php\\\/cafe-ceramique\\\/\"},{\"@type\":\"ListItem\",\"position\":3,\"name\":\"\u00c9v\u00e8nements | Caf\u00e9-C\u00e9ramique\"}]},{\"@type\":\"WebSite\",\"@id\":\"https:\\\/\\\/www.staging.manitas-cafeceramique.fr\\\/#website\",\"url\":\"https:\\\/\\\/www.staging.manitas-cafeceramique.fr\\\/\",\"name\":\"Manitas\",\"description\":\"Atelier &amp; Caf\u00e9-C\u00e9ramique\",\"potentialAction\":[{\"@type\":\"SearchAction\",\"target\":{\"@type\":\"EntryPoint\",\"urlTemplate\":\"https:\\\/\\\/www.staging.manitas-cafeceramique.fr\\\/?s={search_term_string}\"},\"query-input\":{\"@type\":\"PropertyValueSpecification\",\"valueRequired\":true,\"valueName\":\"search_term_string\"}}],\"inLanguage\":\"fr-FR\"}]}<\/script>\n<!-- \/ Yoast SEO plugin. -->","yoast_head_json":{"title":"\u00c9v\u00e8nements | Caf\u00e9-C\u00e9ramique - Manitas","robots":{"index":"index","follow":"follow","max-snippet":"max-snippet:-1","max-image-preview":"max-image-preview:large","max-video-preview":"max-video-preview:-1"},"canonical":"https:\/\/www.staging.manitas-cafeceramique.fr\/index.php\/cafe-ceramique\/evenements\/","og_locale":"fr_FR","og_type":"article","og_title":"\u00c9v\u00e8nements | Caf\u00e9-C\u00e9ramique - Manitas","og_url":"https:\/\/www.staging.manitas-cafeceramique.fr\/index.php\/cafe-ceramique\/evenements\/","og_site_name":"Manitas","article_modified_time":"2026-04-07T14:37:05+00:00","twitter_card":"summary_large_image","schema":{"@context":"https:\/\/schema.org","@graph":[{"@type":"WebPage","@id":"https:\/\/www.staging.manitas-cafeceramique.fr\/index.php\/cafe-ceramique\/evenements\/","url":"https:\/\/www.staging.manitas-cafeceramique.fr\/index.php\/cafe-ceramique\/evenements\/","name":"\u00c9v\u00e8nements | Caf\u00e9-C\u00e9ramique - Manitas","isPartOf":{"@id":"https:\/\/www.staging.manitas-cafeceramique.fr\/#website"},"datePublished":"2025-04-30T12:24:09+00:00","dateModified":"2026-04-07T14:37:05+00:00","breadcrumb":{"@id":"https:\/\/www.staging.manitas-cafeceramique.fr\/index.php\/cafe-ceramique\/evenements\/#breadcrumb"},"inLanguage":"fr-FR","potentialAction":[{"@type":"ReadAction","target":["https:\/\/www.staging.manitas-cafeceramique.fr\/index.php\/cafe-ceramique\/evenements\/"]}]},{"@type":"BreadcrumbList","@id":"https:\/\/www.staging.manitas-cafeceramique.fr\/index.php\/cafe-ceramique\/evenements\/#breadcrumb","itemListElement":[{"@type":"ListItem","position":1,"name":"Accueil","item":"https:\/\/www.staging.manitas-cafeceramique.fr\/"},{"@type":"ListItem","position":2,"name":"Caf\u00e9 c\u00e9ramique","item":"https:\/\/www.staging.manitas-cafeceramique.fr\/index.php\/cafe-ceramique\/"},{"@type":"ListItem","position":3,"name":"\u00c9v\u00e8nements | Caf\u00e9-C\u00e9ramique"}]},{"@type":"WebSite","@id":"https:\/\/www.staging.manitas-cafeceramique.fr\/#website","url":"https:\/\/www.staging.manitas-cafeceramique.fr\/","name":"Manitas","description":"Atelier &amp; Caf\u00e9-C\u00e9ramique","potentialAction":[{"@type":"SearchAction","target":{"@type":"EntryPoint","urlTemplate":"https:\/\/www.staging.manitas-cafeceramique.fr\/?s={search_term_string}"},"query-input":{"@type":"PropertyValueSpecification","valueRequired":true,"valueName":"search_term_string"}}],"inLanguage":"fr-FR"}]}},"_links":{"self":[{"href":"https:\/\/www.staging.manitas-cafeceramique.fr\/index.php\/wp-json\/wp\/v2\/pages\/37","targetHints":{"allow":["GET"]}}],"collection":[{"href":"https:\/\/www.staging.manitas-cafeceramique.fr\/index.php\/wp-json\/wp\/v2\/pages"}],"about":[{"href":"https:\/\/www.staging.manitas-cafeceramique.fr\/index.php\/wp-json\/wp\/v2\/types\/page"}],"author":[{"embeddable":true,"href":"https:\/\/www.staging.manitas-cafeceramique.fr\/index.php\/wp-json\/wp\/v2\/users\/1"}],"replies":[{"embeddable":true,"href":"https:\/\/www.staging.manitas-cafeceramique.fr\/index.php\/wp-json\/wp\/v2\/comments?post=37"}],"version-history":[{"count":17,"href":"https:\/\/www.staging.manitas-cafeceramique.fr\/index.php\/wp-json\/wp\/v2\/pages\/37\/revisions"}],"predecessor-version":[{"id":6617,"href":"https:\/\/www.staging.manitas-cafeceramique.fr\/index.php\/wp-json\/wp\/v2\/pages\/37\/revisions\/6617"}],"up":[{"embeddable":true,"href":"https:\/\/www.staging.manitas-cafeceramique.fr\/index.php\/wp-json\/wp\/v2\/pages\/18"}],"wp:attachment":[{"href":"https:\/\/www.staging.manitas-cafeceramique.fr\/index.php\/wp-json\/wp\/v2\/media?parent=37"}],"curies":[{"name":"wp","href":"https:\/\/api.w.org\/{rel}","templated":true}]}}